{"id":17,"date":"2024-03-16T23:48:24","date_gmt":"2024-03-16T22:48:24","guid":{"rendered":"https:\/\/monikasejbuk.pl\/?page_id=17"},"modified":"2025-01-24T22:55:23","modified_gmt":"2025-01-24T21:55:23","slug":"kontakt","status":"publish","type":"page","link":"https:\/\/monikasejbuk.pl\/index.php\/kontakt\/","title":{"rendered":"Kontakt"},"content":{"rendered":"<!--themify_builder_content-->\n<div id=\"themify_builder_content-17\" data-postid=\"17\" class=\"themify_builder_content themify_builder_content-17 themify_builder tf_clear\">\n                    <div  data-lazy=\"1\" class=\"module_row themify_builder_row tb_91gh302 tb_first tf_w\">\n                        <div class=\"row_inner col_align_top tb_col_count_1 tf_box tf_rel\">\n                        <div  data-lazy=\"1\" class=\"module_column tb-column col-full tb_sum9302 first\">\n                    <!-- module text -->\n<div  class=\"module module-text tb_z0k6897   \" data-lazy=\"1\">\n        <div  class=\"tb_text_wrap\">\n        <p style=\"text-align: justify;\"><strong>W czym mog\u0119 Ci pom\u00f3c?<\/strong><\/p>\n<p style=\"text-align: justify;\">&#127811; Je\u017celi potrzebujesz uda\u0107 si\u0119 do \u015aWIATA BA\u015aNI, albo najzwyklejszych, codziennych OPOWIE\u015aCI zapraszam na warsztaty tw\u00f3rcze dla os\u00f3b doros\u0142ych \u201eJak dobrze opowiada\u0107 zwyczajne historie i niezwyk\u0142e ba\u015bnie\u201d lub na BAJANIE \u2013 interaktywne opowie\u015bci dla rodzin z dzie\u0107mi.<br \/>&#127811; Je\u017celi interesuj\u0105 Ci\u0119 DZIA\u0141ANIA W PRZYRODZIE \u2013 ch\u0119tnie poprowadz\u0119 dla Ciebie Rodzinny Klub Przyrodniczy, konsultacje lub szkolenie jak otworzy\u0107 sw\u00f3j Klub pokazuj\u0105c, \u017ce natura jest doskona\u0142ym miejscem przyg\u00f3d<br \/>&#127811; Je\u017celi marzy Ci si\u0119 w\u0142\u0105czaj\u0105ce miejsce SPOTKANIA, interesuj\u0105ce dla rodzin z dzie\u0107mi, ale r\u00f3wnie\u017c odbiorc\u00f3w w r\u00f3\u017cnym wieku \u2013 ch\u0119tnie porozmawiam o tym, podziel\u0119 si\u0119 moj\u0105 wiedz\u0105 i do\u015bwiadczeniem w tworzeniu miejsc przyjaznych dla mieszka\u0144c\u00f3w<br \/>&#127811; Je\u017celi szukasz osoby do ORGANIZACJI WYDARZE\u0143 kulturalnych, edukacyjnych, spo\u0142ecznych, sportowych albo integracyjnych oraz szkole\u0144 \u2013 zapraszam do kontaktu!<br \/>&#127811; A je\u017celi pracujesz z RODZINAMI z MALYMI DZIE\u0106MI \u2013 ch\u0119tnie poprowadz\u0119 dla Ciebie zaj\u0119cia umuzykalniaj\u0105ce, grupy zabawowe, albo grup\u0119 wsparciowo-rozwojow\u0105 dla mam.<br \/>&#127811; Je\u017celi szukasz inspiruj\u0105cych projekt\u00f3w i chcia\u0142by\u015b \u017cebym opowiedzia\u0142a o moich autorskich pomys\u0142ach napisz do mnie.<br \/>&#127811; Je\u017celi masz inny pomys\u0142 i widzisz pole do wsp\u00f3\u0142pracy \u2013 zapraszam do kontaktu<\/p>\n    <\/div>\n<\/div>\n<!-- \/module text -->        <\/div>\n                        <\/div>\n        <\/div>\n                        <div  data-lazy=\"1\" class=\"module_row themify_builder_row tb_ykfb709 tf_w\">\n                        <div class=\"row_inner col_align_top tb_col_count_1 tf_box tf_rel\">\n                        <div  data-lazy=\"1\" class=\"module_column tb-column col-full tb_prbi709 first\">\n                    <!-- module text -->\n<div  class=\"module module-text tb_6frh799   \" data-lazy=\"1\">\n        <div  class=\"tb_text_wrap\">\n        <h3 style=\"text-align: center;\"><strong>Spotkajmy si\u0119, porozmawiajmy, b\u0105d\u017amy w kontakcie!<\/strong><\/h3>\n<h3 style=\"text-align: center;\"><strong>Znajd\u017a mnie na<\/strong><\/h3>    <\/div>\n<\/div>\n<!-- \/module text --><!-- module icon -->\n<div  class=\"module module-icon tb_pzuh485  large rounded icon_horizontal tf_textc\" data-lazy=\"1\">\n\t\t\t<div class=\"module-icon-item\">\n\t\t\t\t\t\t\t<a href=\"https:\/\/www.linkedin.com\/in\/monika-sejbuk-radziwonka\/\" rel=\"noopener\" target=\"_blank\">\n\t\t\t\t\t\t\t\t\t\t\t\t\t\t\t\t\t<em class=\"tf_box\"\n\t\t\t\t\t\t\t\t\t\t\t\t style=\"background-color:#007bb6;color:#ffffff\"\t\t\t\t\t><svg  class=\"tf_fa tf-ti-linkedin\" aria-hidden=\"true\"><use href=\"#tf-ti-linkedin\"><\/use><\/svg><\/em>\n\t\t\t\t\t\t\t\t\t\t\t\t\t\t\t\t<\/a>\n\t\t\t\t\t<\/div>\n\t<\/div>\n<!-- \/module icon -->\n<!-- module text -->\n<div  class=\"module module-text tb_5h4z320   \" data-lazy=\"1\">\n        <div  class=\"tb_text_wrap\">\n        <p><strong>Napisz do mnie:<\/strong><\/p>\n<div class=\"forminator-ui forminator-custom-form forminator-custom-form-243 forminator-design--default  forminator_ajax\" data-forminator-render=\"0\" data-form=\"forminator-module-243\" data-uid=\"69ea31ef30c5f\"><br\/><\/div><form\n\t\t\t\tid=\"forminator-module-243\"\n\t\t\t\tclass=\"forminator-ui forminator-custom-form forminator-custom-form-243 forminator-design--default  forminator_ajax\"\n\t\t\t\tmethod=\"post\"\n\t\t\t\tdata-forminator-render=\"0\"\n\t\t\t\tdata-form-id=\"243\"\n\t\t\t\t data-color-option=\"default\" data-design=\"default\" data-grid=\"open\" style=\"display: none;\"\n\t\t\t\tdata-uid=\"69ea31ef30c5f\"\n\t\t\t><div role=\"alert\" aria-live=\"polite\" class=\"forminator-response-message forminator-error\" aria-hidden=\"true\"><\/div><div class=\"forminator-row\"><div id=\"name-1\" class=\"forminator-field-name forminator-col forminator-col-12 \"><div class=\"forminator-field\"><label for=\"forminator-field-name-1_69ea31ef30c5f\" id=\"forminator-field-name-1_69ea31ef30c5f-label\" class=\"forminator-label\">Imi\u0119 <span class=\"forminator-required\">*<\/span><\/label><input type=\"text\" name=\"name-1\" value=\"\" placeholder=\"Na przyk\u0142ad: Jan\" id=\"forminator-field-name-1_69ea31ef30c5f\" class=\"forminator-input forminator-name--field\" aria-required=\"true\" autocomplete=\"name\" \/><\/div><\/div><\/div><div class=\"forminator-row\"><div id=\"email-1\" class=\"forminator-field-email forminator-col forminator-col-12 \"><div class=\"forminator-field\"><label for=\"forminator-field-email-1_69ea31ef30c5f\" id=\"forminator-field-email-1_69ea31ef30c5f-label\" class=\"forminator-label\">Adres e-mail <span class=\"forminator-required\">*<\/span><\/label><input type=\"email\" name=\"email-1\" value=\"\" placeholder=\"Na przyk\u0142ad: jan@kowalski.com\" id=\"forminator-field-email-1_69ea31ef30c5f\" class=\"forminator-input forminator-email--field\" data-required=\"true\" aria-required=\"true\" autocomplete=\"email\" \/><\/div><\/div><\/div><div class=\"forminator-row\"><div id=\"textarea-1\" class=\"forminator-field-textarea forminator-col forminator-col-12 \"><div class=\"forminator-field\"><label for=\"forminator-field-textarea-1_69ea31ef30c5f\" id=\"forminator-field-textarea-1_69ea31ef30c5f-label\" class=\"forminator-label\">Wiadomo\u015b\u0107<\/label><textarea name=\"textarea-1\" placeholder=\"Wpisz swoj\u0105 wiadomo\u015b\u0107...\" id=\"forminator-field-textarea-1_69ea31ef30c5f\" class=\"forminator-textarea\" rows=\"6\" style=\"min-height:140px;\" maxlength=\"5000\" ><\/textarea><span id=\"forminator-field-textarea-1_69ea31ef30c5f-description\" class=\"forminator-description\"><span data-limit=\"5000\" data-type=\"characters\" data-editor=\"\">0 \/ 5000<\/span><\/span><\/div><\/div><\/div><input type=\"hidden\" name=\"referer_url\" value=\"\" \/><div class=\"forminator-row forminator-row-last\"><div class=\"forminator-col\"><div class=\"forminator-field\"><button class=\"forminator-button forminator-button-submit\">Wy\u015blij<\/button><\/div><\/div><\/div><input type=\"hidden\" id=\"forminator_nonce\" name=\"forminator_nonce\" value=\"422c4961a1\" \/><input type=\"hidden\" name=\"_wp_http_referer\" value=\"\/index.php\/wp-json\/wp\/v2\/pages\/17\" \/><input type=\"hidden\" name=\"form_id\" value=\"243\"><input type=\"hidden\" name=\"page_id\" value=\"17\"><input type=\"hidden\" name=\"form_type\" value=\"default\"><input type=\"hidden\" name=\"current_url\" value=\"https:\/\/monikasejbuk.pl\/index.php\/kontakt\/\"><input type=\"hidden\" name=\"render_id\" value=\"0\"><input type=\"hidden\" name=\"action\" value=\"forminator_submit_form_custom-forms\"><label for=\"input_4\" class=\"forminator-hidden\" aria-hidden=\"true\">Prosz\u0119 nie wype\u0142nia\u0107 tego pola. <input id=\"input_4\" type=\"text\" name=\"input_4\" value=\"\" autocomplete=\"off\"><\/label><\/form>    <\/div>\n<\/div>\n<!-- \/module text -->        <\/div>\n                        <\/div>\n        <\/div>\n        <\/div>\n<!--\/themify_builder_content-->","protected":false},"excerpt":{"rendered":"<p>W czym mog\u0119 Ci pom\u00f3c? &#127811; Je\u017celi potrzebujesz uda\u0107 si\u0119 do \u015aWIATA BA\u015aNI, albo najzwyklejszych, codziennych OPOWIE\u015aCI zapraszam na warsztaty tw\u00f3rcze dla os\u00f3b doros\u0142ych \u201eJak dobrze opowiada\u0107 zwyczajne historie i niezwyk\u0142e ba\u015bnie\u201d lub na BAJANIE \u2013 interaktywne opowie\u015bci dla rodzin z dzie\u0107mi.&#127811; Je\u017celi interesuj\u0105 Ci\u0119 DZIA\u0141ANIA W PRZYRODZIE \u2013 ch\u0119tnie [&hellip;]<\/p>\n","protected":false},"author":1,"featured_media":2112,"parent":0,"menu_order":0,"comment_status":"closed","ping_status":"closed","template":"","meta":{"footnotes":""},"class_list":["post-17","page","type-page","status-publish","has-post-thumbnail","hentry"],"featured_media_urls":{"thumbnail":["https:\/\/monikasejbuk.pl\/wp-content\/uploads\/2024\/12\/Monika-Sejbuk-Radziwonka-150x150.jpg",150,150,true],"medium":["https:\/\/monikasejbuk.pl\/wp-content\/uploads\/2024\/12\/Monika-Sejbuk-Radziwonka-300x225.jpg",300,225,true],"medium_large":["https:\/\/monikasejbuk.pl\/wp-content\/uploads\/2024\/12\/Monika-Sejbuk-Radziwonka-768x576.jpg",768,576,true],"large":["https:\/\/monikasejbuk.pl\/wp-content\/uploads\/2024\/12\/Monika-Sejbuk-Radziwonka-1024x768.jpg",930,698,true],"1536x1536":["https:\/\/monikasejbuk.pl\/wp-content\/uploads\/2024\/12\/Monika-Sejbuk-Radziwonka.jpg",1296,972,false],"2048x2048":["https:\/\/monikasejbuk.pl\/wp-content\/uploads\/2024\/12\/Monika-Sejbuk-Radziwonka.jpg",1296,972,false],"featured":["https:\/\/monikasejbuk.pl\/wp-content\/uploads\/2024\/12\/Monika-Sejbuk-Radziwonka.jpg",1296,972,false],"featured@2x":["https:\/\/monikasejbuk.pl\/wp-content\/uploads\/2024\/12\/Monika-Sejbuk-Radziwonka.jpg",1296,972,false],"featured-small":["https:\/\/monikasejbuk.pl\/wp-content\/uploads\/2024\/12\/Monika-Sejbuk-Radziwonka-1000x750.jpg",1000,750,true],"recent-thumbnail":["https:\/\/monikasejbuk.pl\/wp-content\/uploads\/2024\/12\/Monika-Sejbuk-Radziwonka-345x192.jpg",345,192,true],"recent-thumbnail-retina":["https:\/\/monikasejbuk.pl\/wp-content\/uploads\/2024\/12\/Monika-Sejbuk-Radziwonka-690x384.jpg",690,384,true],"woo-featured":["https:\/\/monikasejbuk.pl\/wp-content\/uploads\/2024\/12\/Monika-Sejbuk-Radziwonka-280x280.jpg",280,280,true],"entry-cover":["https:\/\/monikasejbuk.pl\/wp-content\/uploads\/2024\/12\/Monika-Sejbuk-Radziwonka.jpg",1296,972,false],"entry-cover@2x":["https:\/\/monikasejbuk.pl\/wp-content\/uploads\/2024\/12\/Monika-Sejbuk-Radziwonka.jpg",1296,972,false],"loop":["https:\/\/monikasejbuk.pl\/wp-content\/uploads\/2024\/12\/Monika-Sejbuk-Radziwonka-950x320.jpg",950,320,true],"portfolio-scroller-widget":["https:\/\/monikasejbuk.pl\/wp-content\/uploads\/2024\/12\/Monika-Sejbuk-Radziwonka-747x560.jpg",747,560,true],"portfolio_item-thumbnail":["https:\/\/monikasejbuk.pl\/wp-content\/uploads\/2024\/12\/Monika-Sejbuk-Radziwonka.jpg",533,400,false],"portfolio_item-masonry":["https:\/\/monikasejbuk.pl\/wp-content\/uploads\/2024\/12\/Monika-Sejbuk-Radziwonka.jpg",600,450,false],"portfolio_item-thumbnail_wide":["https:\/\/monikasejbuk.pl\/wp-content\/uploads\/2024\/12\/Monika-Sejbuk-Radziwonka-1296x600.jpg",1296,600,true],"portfolio_item-thumbnail_wide_cinema":["https:\/\/monikasejbuk.pl\/wp-content\/uploads\/2024\/12\/Monika-Sejbuk-Radziwonka-1296x750.jpg",1296,750,true],"portfolio_item-thumbnail_cinema":["https:\/\/monikasejbuk.pl\/wp-content\/uploads\/2024\/12\/Monika-Sejbuk-Radziwonka.jpg",447,335,false],"portfolio_item-thumbnail_portrait":["https:\/\/monikasejbuk.pl\/wp-content\/uploads\/2024\/12\/Monika-Sejbuk-Radziwonka.jpg",600,450,false],"portfolio_item-thumbnail_square":["https:\/\/monikasejbuk.pl\/wp-content\/uploads\/2024\/12\/Monika-Sejbuk-Radziwonka.jpg",800,600,false],"portfolio_item-thumbnail@2x":["https:\/\/monikasejbuk.pl\/wp-content\/uploads\/2024\/12\/Monika-Sejbuk-Radziwonka.jpg",1067,800,false],"portfolio_item-masonry@2x":["https:\/\/monikasejbuk.pl\/wp-content\/uploads\/2024\/12\/Monika-Sejbuk-Radziwonka.jpg",1200,900,false],"portfolio_item-thumbnail_portrait@2x":["https:\/\/monikasejbuk.pl\/wp-content\/uploads\/2024\/12\/Monika-Sejbuk-Radziwonka.jpg",1200,900,false],"sow-carousel-default":["https:\/\/monikasejbuk.pl\/wp-content\/uploads\/2024\/12\/Monika-Sejbuk-Radziwonka-272x182.jpg",272,182,true],"sow-blog-portfolio":["https:\/\/monikasejbuk.pl\/wp-content\/uploads\/2024\/12\/Monika-Sejbuk-Radziwonka-375x375.jpg",375,375,true],"sow-blog-grid":["https:\/\/monikasejbuk.pl\/wp-content\/uploads\/2024\/12\/Monika-Sejbuk-Radziwonka-720x480.jpg",720,480,true],"sow-blog-alternate":["https:\/\/monikasejbuk.pl\/wp-content\/uploads\/2024\/12\/Monika-Sejbuk-Radziwonka-950x630.jpg",950,630,true]},"builder_content":"<p style=\"text-align: justify;\"><strong>W czym mog\u0119 Ci pom\u00f3c?<\/strong><\/p> <p style=\"text-align: justify;\">&#127811; Je\u017celi potrzebujesz uda\u0107 si\u0119 do \u015aWIATA BA\u015aNI, albo najzwyklejszych, codziennych OPOWIE\u015aCI zapraszam na warsztaty tw\u00f3rcze dla os\u00f3b doros\u0142ych \u201eJak dobrze opowiada\u0107 zwyczajne historie i niezwyk\u0142e ba\u015bnie\u201d lub na BAJANIE \u2013 interaktywne opowie\u015bci dla rodzin z dzie\u0107mi.<br \/>&#127811; Je\u017celi interesuj\u0105 Ci\u0119 DZIA\u0141ANIA W PRZYRODZIE \u2013 ch\u0119tnie poprowadz\u0119 dla Ciebie Rodzinny Klub Przyrodniczy, konsultacje lub szkolenie jak otworzy\u0107 sw\u00f3j Klub pokazuj\u0105c, \u017ce natura jest doskona\u0142ym miejscem przyg\u00f3d<br \/>&#127811; Je\u017celi marzy Ci si\u0119 w\u0142\u0105czaj\u0105ce miejsce SPOTKANIA, interesuj\u0105ce dla rodzin z dzie\u0107mi, ale r\u00f3wnie\u017c odbiorc\u00f3w w r\u00f3\u017cnym wieku \u2013 ch\u0119tnie porozmawiam o tym, podziel\u0119 si\u0119 moj\u0105 wiedz\u0105 i do\u015bwiadczeniem w tworzeniu miejsc przyjaznych dla mieszka\u0144c\u00f3w<br \/>&#127811; Je\u017celi szukasz osoby do ORGANIZACJI WYDARZE\u0143 kulturalnych, edukacyjnych, spo\u0142ecznych, sportowych albo integracyjnych oraz szkole\u0144 \u2013 zapraszam do kontaktu!<br \/>&#127811; A je\u017celi pracujesz z RODZINAMI z MALYMI DZIE\u0106MI \u2013 ch\u0119tnie poprowadz\u0119 dla Ciebie zaj\u0119cia umuzykalniaj\u0105ce, grupy zabawowe, albo grup\u0119 wsparciowo-rozwojow\u0105 dla mam.<br \/>&#127811; Je\u017celi szukasz inspiruj\u0105cych projekt\u00f3w i chcia\u0142by\u015b \u017cebym opowiedzia\u0142a o moich autorskich pomys\u0142ach napisz do mnie.<br \/>&#127811; Je\u017celi masz inny pomys\u0142 i widzisz pole do wsp\u00f3\u0142pracy \u2013 zapraszam do kontaktu<\/p>\n<h3 style=\"text-align: center;\"><strong>Spotkajmy si\u0119, porozmawiajmy, b\u0105d\u017amy w kontakcie!<\/strong><\/h3> <h3 style=\"text-align: center;\"><strong>Znajd\u017a mnie na<\/strong><\/h3>\n<a href=\"https:\/\/www.linkedin.com\/in\/monika-sejbuk-radziwonka\/\" rel=\"noopener\" target=\"_blank\"> <em style=\"background-color:#007bb6;color:#ffffff\" ><svg aria-hidden=\"true\"><use href=\"#tf-ti-linkedin\"><\/use><\/svg><\/em> <\/a>\n<p><strong>Napisz do mnie:<\/strong><\/p> <p>[forminator_form id=\"243\"]<\/p>","_links":{"self":[{"href":"https:\/\/monikasejbuk.pl\/index.php\/wp-json\/wp\/v2\/pages\/17","targetHints":{"allow":["GET"]}}],"collection":[{"href":"https:\/\/monikasejbuk.pl\/index.php\/wp-json\/wp\/v2\/pages"}],"about":[{"href":"https:\/\/monikasejbuk.pl\/index.php\/wp-json\/wp\/v2\/types\/page"}],"author":[{"embeddable":true,"href":"https:\/\/monikasejbuk.pl\/index.php\/wp-json\/wp\/v2\/users\/1"}],"replies":[{"embeddable":true,"href":"https:\/\/monikasejbuk.pl\/index.php\/wp-json\/wp\/v2\/comments?post=17"}],"version-history":[{"count":49,"href":"https:\/\/monikasejbuk.pl\/index.php\/wp-json\/wp\/v2\/pages\/17\/revisions"}],"predecessor-version":[{"id":2239,"href":"https:\/\/monikasejbuk.pl\/index.php\/wp-json\/wp\/v2\/pages\/17\/revisions\/2239"}],"wp:featuredmedia":[{"embeddable":true,"href":"https:\/\/monikasejbuk.pl\/index.php\/wp-json\/wp\/v2\/media\/2112"}],"wp:attachment":[{"href":"https:\/\/monikasejbuk.pl\/index.php\/wp-json\/wp\/v2\/media?parent=17"}],"curies":[{"name":"wp","href":"https:\/\/api.w.org\/{rel}","templated":true}]}}